{"id":305,"date":"2010-11-23T13:49:42","date_gmt":"2010-11-23T13:49:42","guid":{"rendered":"http:\/\/127.0.0.1\/wordpress\/?page_id=305"},"modified":"2021-02-03T13:31:16","modified_gmt":"2021-02-03T13:31:16","slug":"dut","status":"publish","type":"page","link":"http:\/\/www.gc.iut-amiens.fr\/?page_id=305","title":{"rendered":"BUT GCCD"},"content":{"rendered":"<p><a title=\"Organisation de la formation\" href=\"http:\/\/www.gc.iut-amiens.fr\/?page_id=78\">&#8211; Formation<\/a><\/p>\n<p><a title=\"DUT par alternance\" href=\"http:\/\/www.gc.iut-amiens.fr\/?page_id=42\">&#8211; BUT par Alternance<\/a><\/p>\n<p><a title=\"Modalit\u00e9s d\u2019admission\" href=\"http:\/\/www.gc.iut-amiens.fr\/?page_id=46\">&#8211; Modalit\u00e9s d&rsquo;admission<\/a><\/p>\n<p><a title=\"D\u00e9bouch\u00e9s\" href=\"http:\/\/www.gc.iut-amiens.fr\/?page_id=111\">&#8211; D\u00e9bouch\u00e9s<\/a><\/p>\n<p><a title=\"Echanges Internationaux\" href=\"http:\/\/www.gc.iut-amiens.fr\/?page_id=782\">&#8211; Echanges internationaux<\/a><\/p>\n<p><a title=\"Trombinoscopes\" href=\"http:\/\/www.gc.iut-amiens.fr\/?page_id=773\">&#8211; Trombinoscopes<\/a><\/p>\n<p><a title=\"Liens\" href=\"http:\/\/www.gc.iut-amiens.fr\/?page_id=443\">&#8211; Liens<\/a><\/p>\n","protected":false},"excerpt":{"rendered":"<p>&#8211; Formation &#8211; BUT par Alternance &#8211; Modalit\u00e9s d&rsquo;admission &#8211; D\u00e9bouch\u00e9s &#8211; Echanges internationaux &#8211; Trombinoscopes &#8211; Liens<\/p>\n","protected":false},"author":1,"featured_media":0,"parent":0,"menu_order":2,"comment_status":"closed","ping_status":"closed","template":"","meta":{"footnotes":""},"class_list":["post-305","page","type-page","status-publish","hentry"],"_links":{"self":[{"href":"http:\/\/www.gc.iut-amiens.fr\/index.php?rest_route=\/wp\/v2\/pages\/305","targetHints":{"allow":["GET"]}}],"collection":[{"href":"http:\/\/www.gc.iut-amiens.fr\/index.php?rest_route=\/wp\/v2\/pages"}],"about":[{"href":"http:\/\/www.gc.iut-amiens.fr\/index.php?rest_route=\/wp\/v2\/types\/page"}],"author":[{"embeddable":true,"href":"http:\/\/www.gc.iut-amiens.fr\/index.php?rest_route=\/wp\/v2\/users\/1"}],"replies":[{"embeddable":true,"href":"http:\/\/www.gc.iut-amiens.fr\/index.php?rest_route=%2Fwp%2Fv2%2Fcomments&post=305"}],"version-history":[{"count":33,"href":"http:\/\/www.gc.iut-amiens.fr\/index.php?rest_route=\/wp\/v2\/pages\/305\/revisions"}],"predecessor-version":[{"id":2262,"href":"http:\/\/www.gc.iut-amiens.fr\/index.php?rest_route=\/wp\/v2\/pages\/305\/revisions\/2262"}],"wp:attachment":[{"href":"http:\/\/www.gc.iut-amiens.fr\/index.php?rest_route=%2Fwp%2Fv2%2Fmedia&parent=305"}],"curies":[{"name":"wp","href":"https:\/\/api.w.org\/{rel}","templated":true}]}}