{"id":2085,"date":"2021-01-11T13:15:11","date_gmt":"2021-01-11T13:15:11","guid":{"rendered":"http:\/\/www.gc.iut-amiens.fr\/?page_id=2085"},"modified":"2021-02-11T14:01:08","modified_gmt":"2021-02-11T14:01:08","slug":"jpo-informations-et-ressources","status":"publish","type":"page","link":"http:\/\/www.gc.iut-amiens.fr\/?page_id=2085","title":{"rendered":"Pr\u00e9sentation du BUT"},"content":{"rendered":"<p><strong>Pr\u00e9sentation du BUT<\/strong><a href=\"http:\/\/www.iut-amiens.fr\/but\/\"><img decoding=\"async\" src=\"http:\/\/www.iut-amiens.fr\/wp-content\/uploads\/BUT1-1024x537.jpg\" \/><\/a><\/p>\n<div><strong>Pr\u00e9sentation du BUT<\/strong><\/div>\n<p><iframe loading=\"lazy\" src=\"https:\/\/www.youtube.com\/embed\/hvon0AATXSE\" width=\"560\" height=\"315\" frameborder=\"0\" allowfullscreen=\"allowfullscreen\"><\/iframe><\/p>\n<div><strong>Bloc de Comp\u00e9tences 1 (BC1)<\/strong><\/div>\n<p><iframe loading=\"lazy\" src=\"https:\/\/www.youtube.com\/embed\/ldjJoTDKlZY\" width=\"560\" height=\"315\" frameborder=\"0\" allowfullscreen=\"allowfullscreen\"><\/iframe><\/p>\n<div><strong>Bloc de Comp\u00e9tences 2 (BC2)<\/strong><\/div>\n<p><iframe loading=\"lazy\" src=\"https:\/\/www.youtube.com\/embed\/evSZlJwIyvU\" width=\"560\" height=\"315\" frameborder=\"0\" allowfullscreen=\"allowfullscreen\"><\/iframe><\/p>\n<div>\n<div><strong>Bloc de Comp\u00e9tences 3 (BC3)<\/strong><\/div>\n<p><iframe loading=\"lazy\" src=\"https:\/\/www.youtube.com\/embed\/DZI0z4YXuGM\" width=\"560\" height=\"315\" frameborder=\"0\" allowfullscreen=\"allowfullscreen\"><\/iframe><\/p>\n<\/div>\n<div><strong>Bloc de Comp\u00e9tences 4 (BC4)\u00a0<\/strong><\/div>\n<p><iframe loading=\"lazy\" src=\"https:\/\/www.youtube.com\/embed\/BRyuJRVcnfc\" width=\"560\" height=\"315\" frameborder=\"0\" allowfullscreen=\"allowfullscreen\"><\/iframe><\/p>\n<div><strong>Bloc de Comp\u00e9tences 5 (BC5)<\/strong><\/div>\n<p><iframe loading=\"lazy\" src=\"https:\/\/www.youtube.com\/embed\/vSFI_loRb9I\" width=\"560\" height=\"315\" frameborder=\"0\" allowfullscreen=\"allowfullscreen\"><\/iframe><\/p>\n<div><em><strong>Comp\u00e9tence transversale : \u00a0Anglais<\/strong><\/em><\/div>\n<p><iframe loading=\"lazy\" src=\"https:\/\/www.youtube.com\/embed\/DuLRT7oGhMY\" width=\"560\" height=\"315\" frameborder=\"0\" allowfullscreen=\"allowfullscreen\"><\/iframe><\/p>\n<div><em><strong>Comp\u00e9tence transversale :\u00a0\u00a0Expression et communication<\/strong><\/em><\/div>\n<p><iframe loading=\"lazy\" src=\"https:\/\/www.youtube.com\/embed\/yt8Gidrdk-Y\" width=\"560\" height=\"315\" frameborder=\"0\" allowfullscreen=\"allowfullscreen\"><\/iframe><br \/>\n<a href=\"http:\/\/www.iut-amiens.fr\/wp-content\/uploads\/BUT_lyc%C3%A9en.pdf\"><img decoding=\"async\" class=\"aligncenter\" src=\"http:\/\/www.iut-amiens.fr\/wp-content\/uploads\/LogoBUT-150x150.png\" \/><\/a><\/p>\n","protected":false},"excerpt":{"rendered":"<p>Pr\u00e9sentation du BUT Pr\u00e9sentation du BUT Bloc de Comp\u00e9tences 1 (BC1) Bloc de Comp\u00e9tences 2 (BC2) Bloc de Comp\u00e9tences 3 (BC3) Bloc de Comp\u00e9tences 4 (BC4)\u00a0 Bloc de Comp\u00e9tences 5 (BC5) Comp\u00e9tence transversale : \u00a0Anglais Comp\u00e9tence transversale :\u00a0\u00a0Expression et communication<\/p>\n","protected":false},"author":1,"featured_media":0,"parent":2074,"menu_order":1,"comment_status":"closed","ping_status":"closed","template":"","meta":{"footnotes":""},"class_list":["post-2085","page","type-page","status-publish","hentry"],"_links":{"self":[{"href":"http:\/\/www.gc.iut-amiens.fr\/index.php?rest_route=\/wp\/v2\/pages\/2085","targetHints":{"allow":["GET"]}}],"collection":[{"href":"http:\/\/www.gc.iut-amiens.fr\/index.php?rest_route=\/wp\/v2\/pages"}],"about":[{"href":"http:\/\/www.gc.iut-amiens.fr\/index.php?rest_route=\/wp\/v2\/types\/page"}],"author":[{"embeddable":true,"href":"http:\/\/www.gc.iut-amiens.fr\/index.php?rest_route=\/wp\/v2\/users\/1"}],"replies":[{"embeddable":true,"href":"http:\/\/www.gc.iut-amiens.fr\/index.php?rest_route=%2Fwp%2Fv2%2Fcomments&post=2085"}],"version-history":[{"count":25,"href":"http:\/\/www.gc.iut-amiens.fr\/index.php?rest_route=\/wp\/v2\/pages\/2085\/revisions"}],"predecessor-version":[{"id":2293,"href":"http:\/\/www.gc.iut-amiens.fr\/index.php?rest_route=\/wp\/v2\/pages\/2085\/revisions\/2293"}],"up":[{"embeddable":true,"href":"http:\/\/www.gc.iut-amiens.fr\/index.php?rest_route=\/wp\/v2\/pages\/2074"}],"wp:attachment":[{"href":"http:\/\/www.gc.iut-amiens.fr\/index.php?rest_route=%2Fwp%2Fv2%2Fmedia&parent=2085"}],"curies":[{"name":"wp","href":"https:\/\/api.w.org\/{rel}","templated":true}]}}