{"id":2001,"date":"2019-03-04T14:40:49","date_gmt":"2019-03-04T14:40:49","guid":{"rendered":"http:\/\/www.gc.iut-amiens.fr\/?page_id=2001"},"modified":"2025-01-24T16:37:30","modified_gmt":"2025-01-24T16:37:30","slug":"alternance-2","status":"publish","type":"page","link":"http:\/\/www.gc.iut-amiens.fr\/?page_id=2001","title":{"rendered":"BUT Alternance"},"content":{"rendered":"<p style=\"text-align: justify;\"><strong>OBJECTIF LA FORMATION<\/strong><\/p>\n<p>Le <strong>Bachelor Universitaire de Technologie<\/strong> <strong>G\u00e9nie Civil &#8211; Construction Durable<\/strong> a pour objectif de former en <strong>six semestres<\/strong> des techniciens sup\u00e9rieurs dot\u00e9s de fortes comp\u00e9tences technologiques, mais \u00e9galement familiers des aspects non technologiques de la profession, comme la gestion de projets.<\/p>\n<p>Cette formation se fera au travers de 4 parcours de formation accessibles \u00e0 partir d\u2019une ann\u00e9e de tronc commun. Les dipl\u00f4m\u00e9s sont destin\u00e9s \u00e0 exercer indiff\u00e9remment au niveau de la ma\u00eetrise d\u2019ouvrage (programmation des travaux), de la ma\u00eetrise d\u2019\u0153uvre (bureaux d\u2019\u00e9tudes, cabinets d\u2019ing\u00e9nierie) ou des travaux (entreprises de construction).<\/p>\n<p>Leurs comp\u00e9tences couvrent l\u2019ensemble des techniques de construction, des fondations aux structures jusqu\u2019aux \u00e9quipements techniques, de la stabilit\u00e9\u0301 des constructions aux questions de confort thermique, acoustique et visuel, du choix des mat\u00e9riaux \u00e0 la d\u00e9finition des techniques de construction, du terrassement aux am\u00e9nagements routiers ou aux ouvrages d\u2019art.<\/p>\n<p>La formation se d\u00e9roule dans un environnement universitaire, avec un socle scientifique et g\u00e9n\u00e9ral couvrant un spectre disciplinaire large, qui permet d&rsquo;appr\u00e9hender les projets en tenant compte du contexte g\u00e9n\u00e9ral dans lequel ils s&rsquo;inscrivent. Elle permet aux \u00e9tudiants d\u2019acqu\u00e9rir un ensemble de connaissances op\u00e9rationnelles pour tous les probl\u00e8mes d\u2019un programme de travaux depuis la conception des ouvrages jusqu\u2019\u00e0 leur r\u00e9alisation sur chantier.<\/p>\n<p><strong>ORGANISATION DE LA FORMATION<\/strong><\/p>\n<p>A l\u2019IUT d\u2019Amiens, 2 possibilit\u00e9s s\u2019offrent aux \u00e9tudiants pour r\u00e9aliser un BUT G\u00e9nie Civil \u2013 Construction Durable\u00a0: formation initiale ou en apprentissage.<\/p>\n<p>Le contrat d\u2019apprentissage, pass\u00e9 entre l\u2019\u00e9tudiant, l\u2019entreprise et l\u2019IUT, permet de mener son cursus universitaire en alternance. L\u2019\u00e9tudiant alterne les p\u00e9riodes en entreprise et les p\u00e9riodes \u00e0 l\u2019IUT. Il poss\u00e8de un double statut : \u00e9tudiant et salari\u00e9.<\/p>\n<p>Les contrats d\u2019apprentissage doivent inclure la derni\u00e8re ann\u00e9e de BUT. Ainsi, \u00e0 l\u2019IUT d\u2019Amiens, le contrat est de 2 ans \u00e0 partir du BUT 2 ou d\u2019un an en BUT 3.<\/p>\n<p>L\u2019alternance entreprise \u2013 IUT est d\u2019environ 1 mois \/ 1 mois sauf la derni\u00e8re p\u00e9riode o\u00f9 l\u2019\u00e9tudiant est enti\u00e8rement en entreprise.<\/p>\n<p>&nbsp;<\/p>\n","protected":false},"excerpt":{"rendered":"<p>OBJECTIF LA FORMATION Le Bachelor Universitaire de Technologie G\u00e9nie Civil &#8211; Construction Durable a pour objectif de former en six semestres des techniciens sup\u00e9rieurs dot\u00e9s de fortes comp\u00e9tences technologiques, mais \u00e9galement familiers des aspects non technologiques de la profession, comme &hellip; <a href=\"http:\/\/www.gc.iut-amiens.fr\/?page_id=2001\">Continuer la lecture <span class=\"meta-nav\">&rarr;<\/span><\/a><\/p>\n","protected":false},"author":1,"featured_media":0,"parent":0,"menu_order":3,"comment_status":"closed","ping_status":"closed","template":"","meta":{"footnotes":""},"class_list":["post-2001","page","type-page","status-publish","hentry"],"_links":{"self":[{"href":"http:\/\/www.gc.iut-amiens.fr\/index.php?rest_route=\/wp\/v2\/pages\/2001","targetHints":{"allow":["GET"]}}],"collection":[{"href":"http:\/\/www.gc.iut-amiens.fr\/index.php?rest_route=\/wp\/v2\/pages"}],"about":[{"href":"http:\/\/www.gc.iut-amiens.fr\/index.php?rest_route=\/wp\/v2\/types\/page"}],"author":[{"embeddable":true,"href":"http:\/\/www.gc.iut-amiens.fr\/index.php?rest_route=\/wp\/v2\/users\/1"}],"replies":[{"embeddable":true,"href":"http:\/\/www.gc.iut-amiens.fr\/index.php?rest_route=%2Fwp%2Fv2%2Fcomments&post=2001"}],"version-history":[{"count":16,"href":"http:\/\/www.gc.iut-amiens.fr\/index.php?rest_route=\/wp\/v2\/pages\/2001\/revisions"}],"predecessor-version":[{"id":2394,"href":"http:\/\/www.gc.iut-amiens.fr\/index.php?rest_route=\/wp\/v2\/pages\/2001\/revisions\/2394"}],"wp:attachment":[{"href":"http:\/\/www.gc.iut-amiens.fr\/index.php?rest_route=%2Fwp%2Fv2%2Fmedia&parent=2001"}],"curies":[{"name":"wp","href":"https:\/\/api.w.org\/{rel}","templated":true}]}}